{"id":584,"date":"2026-03-10T12:58:30","date_gmt":"2026-03-10T12:58:30","guid":{"rendered":"http:\/\/www.mahmutgunes.com\/?page_id=584"},"modified":"2026-03-10T18:55:51","modified_gmt":"2026-03-10T18:55:51","slug":"iletisim","status":"publish","type":"page","link":"http:\/\/www.mahmutgunes.com\/index.php\/iletisim\/","title":{"rendered":"\u0130leti\u015fim"},"content":{"rendered":"\n<div class=\"wp-block-columns is-layout-flex wp-container-core-columns-is-layout-9d6595d7 wp-block-columns-is-layout-flex\">\n<div class=\"wp-block-column is-layout-flow wp-block-column-is-layout-flow\"><\/div>\n\n\n\n<div class=\"wp-block-column is-layout-flow wp-block-column-is-layout-flow\"><\/div>\n<\/div>\n\n\n\n<div class=\"wp-block-columns is-layout-flex wp-container-core-columns-is-layout-9d6595d7 wp-block-columns-is-layout-flex\">\n<div class=\"wp-block-column is-layout-flow wp-block-column-is-layout-flow\">\n<div class=\"wp-block-columns is-layout-flex wp-container-core-columns-is-layout-9d6595d7 wp-block-columns-is-layout-flex\">\n<div class=\"wp-block-column is-layout-flow wp-block-column-is-layout-flow\" style=\"flex-basis:100%\">\n<figure class=\"wp-block-table is-style-stripes\"><table class=\"has-fixed-layout\"><tbody><tr><td>info@mahmutgunes.com<\/td><\/tr><tr><td>0212 518 26 10<\/td><\/tr><tr><td>0212 518 26 11<\/td><\/tr><tr><td>0212 518 26 12<\/td><\/tr><tr><td>0531 851 56 10<\/td><\/tr><tr><td>Yenimahalle Mah. \u0130stanbul Cad. General Kani Elitez Sok. Ofis Karat Bak\u0131rk\u00f6y No.1 Ofis 29 34142 Bak\u0131rk\u00f6y-\u0130STANBUL<\/td><\/tr><\/tbody><\/table><\/figure>\n<\/div>\n<\/div>\n\n\n\n<figure class=\"wp-block-image size-full\"><img loading=\"lazy\" decoding=\"async\" width=\"134\" height=\"133\" src=\"http:\/\/www.mahmutgunes.com\/wp-content\/uploads\/2026\/03\/mgqr.png\" alt=\"\" class=\"wp-image-633\"\/><\/figure>\n<\/div>\n\n\n\n<div class=\"wp-block-column is-layout-flow wp-block-column-is-layout-flow\">\n<iframe src=\"https:\/\/www.google.com\/maps\/embed?pb=!1m14!1m8!1m3!1d385547.1871147895!2d28.881389!3d40.979567!3m2!1i1024!2i768!4f13.1!3m3!1m2!1s0x14cabdf2f75bccbd%3A0x9f87aa4120beff44!2zT2ZpcyBLYXJhdCBCYWvEsXJrw7Z5!5e0!3m2!1str!2sus!4v1773158827346!5m2!1str!2sus\" width=\"600\" height=\"450\" style=\"border:0;\" allowfullscreen=\"\" loading=\"lazy\" referrerpolicy=\"no-referrer-when-downgrade\"><\/iframe>\n<\/div>\n<\/div>\n\n\n\n<p><\/p>\n","protected":false},"excerpt":{"rendered":"<p>info@mahmutgunes.com 0212 518 26 10 0212 518 26 11 0212 518 26 12 0531 851 56 10 Yenimahalle Mah. \u0130stanbul Cad. General Kani Elitez Sok. Ofis Karat Bak\u0131rk\u00f6y No.1 Ofis 29 34142 Bak\u0131rk\u00f6y-\u0130STANBUL<\/p>\n","protected":false},"author":1,"featured_media":0,"parent":0,"menu_order":0,"comment_status":"closed","ping_status":"closed","template":"","meta":{"_kad_post_transparent":"disable","_kad_post_title":"hide","_kad_post_layout":"","_kad_post_sidebar_id":"","_kad_post_content_style":"","_kad_post_vertical_padding":"hide","_kad_post_feature":"default","_kad_post_feature_position":"","_kad_post_header":false,"_kad_post_footer":false,"_kad_post_classname":"","footnotes":""},"class_list":["post-584","page","type-page","status-publish","hentry"],"_links":{"self":[{"href":"http:\/\/www.mahmutgunes.com\/index.php\/wp-json\/wp\/v2\/pages\/584","targetHints":{"allow":["GET"]}}],"collection":[{"href":"http:\/\/www.mahmutgunes.com\/index.php\/wp-json\/wp\/v2\/pages"}],"about":[{"href":"http:\/\/www.mahmutgunes.com\/index.php\/wp-json\/wp\/v2\/types\/page"}],"author":[{"embeddable":true,"href":"http:\/\/www.mahmutgunes.com\/index.php\/wp-json\/wp\/v2\/users\/1"}],"replies":[{"embeddable":true,"href":"http:\/\/www.mahmutgunes.com\/index.php\/wp-json\/wp\/v2\/comments?post=584"}],"version-history":[{"count":9,"href":"http:\/\/www.mahmutgunes.com\/index.php\/wp-json\/wp\/v2\/pages\/584\/revisions"}],"predecessor-version":[{"id":634,"href":"http:\/\/www.mahmutgunes.com\/index.php\/wp-json\/wp\/v2\/pages\/584\/revisions\/634"}],"wp:attachment":[{"href":"http:\/\/www.mahmutgunes.com\/index.php\/wp-json\/wp\/v2\/media?parent=584"}],"curies":[{"name":"wp","href":"https:\/\/api.w.org\/{rel}","templated":true}]}}