{"id":582,"date":"2026-03-10T12:58:12","date_gmt":"2026-03-10T12:58:12","guid":{"rendered":"http:\/\/www.mahmutgunes.com\/?page_id=582"},"modified":"2026-03-10T19:01:40","modified_gmt":"2026-03-10T19:01:40","slug":"hizmetlerimiz","status":"publish","type":"page","link":"http:\/\/www.mahmutgunes.com\/index.php\/hizmetlerimiz\/","title":{"rendered":"Hizmetlerimiz"},"content":{"rendered":"\n<div class=\"wp-block-columns is-layout-flex wp-container-core-columns-is-layout-9d6595d7 wp-block-columns-is-layout-flex\">\n<div class=\"wp-block-column is-layout-flow wp-block-column-is-layout-flow\">\n<figure class=\"wp-block-image size-full\"><img loading=\"lazy\" decoding=\"async\" width=\"500\" height=\"334\" src=\"http:\/\/www.mahmutgunes.com\/wp-content\/uploads\/2023\/01\/pc-e1675086363314.jpg\" alt=\"\" class=\"wp-image-198\" srcset=\"http:\/\/www.mahmutgunes.com\/wp-content\/uploads\/2023\/01\/pc-e1675086363314.jpg 500w, http:\/\/www.mahmutgunes.com\/wp-content\/uploads\/2023\/01\/pc-e1675086363314-300x200.jpg 300w\" sizes=\"auto, (max-width: 500px) 100vw, 500px\" \/><\/figure>\n<\/div>\n\n\n\n<div class=\"wp-block-column is-layout-flow wp-block-column-is-layout-flow\">\n<figure class=\"wp-block-table is-style-stripes\"><table class=\"has-fixed-layout\"><tbody><tr><td>. Vergi Dan\u0131\u015fmanl\u0131\u011f\u0131 ve M\u00fc\u015favirli\u011fi<\/td><\/tr><tr><td>. Ba\u011f\u0131ms\u0131z Denetim Hizmetleri<\/td><\/tr><tr><td><\/td><\/tr><tr><td><\/td><\/tr><\/tbody><\/table><\/figure>\n<\/div>\n<\/div>\n\n\n\n<p><\/p>\n","protected":false},"excerpt":{"rendered":"<p>. Vergi Dan\u0131\u015fmanl\u0131\u011f\u0131 ve M\u00fc\u015favirli\u011fi . Ba\u011f\u0131ms\u0131z Denetim Hizmetleri<\/p>\n","protected":false},"author":1,"featured_media":0,"parent":0,"menu_order":0,"comment_status":"closed","ping_status":"closed","template":"","meta":{"_kad_post_transparent":"disable","_kad_post_title":"hide","_kad_post_layout":"","_kad_post_sidebar_id":"","_kad_post_content_style":"","_kad_post_vertical_padding":"hide","_kad_post_feature":"","_kad_post_feature_position":"","_kad_post_header":false,"_kad_post_footer":false,"_kad_post_classname":"","footnotes":""},"class_list":["post-582","page","type-page","status-publish","hentry"],"_links":{"self":[{"href":"http:\/\/www.mahmutgunes.com\/index.php\/wp-json\/wp\/v2\/pages\/582","targetHints":{"allow":["GET"]}}],"collection":[{"href":"http:\/\/www.mahmutgunes.com\/index.php\/wp-json\/wp\/v2\/pages"}],"about":[{"href":"http:\/\/www.mahmutgunes.com\/index.php\/wp-json\/wp\/v2\/types\/page"}],"author":[{"embeddable":true,"href":"http:\/\/www.mahmutgunes.com\/index.php\/wp-json\/wp\/v2\/users\/1"}],"replies":[{"embeddable":true,"href":"http:\/\/www.mahmutgunes.com\/index.php\/wp-json\/wp\/v2\/comments?post=582"}],"version-history":[{"count":4,"href":"http:\/\/www.mahmutgunes.com\/index.php\/wp-json\/wp\/v2\/pages\/582\/revisions"}],"predecessor-version":[{"id":635,"href":"http:\/\/www.mahmutgunes.com\/index.php\/wp-json\/wp\/v2\/pages\/582\/revisions\/635"}],"wp:attachment":[{"href":"http:\/\/www.mahmutgunes.com\/index.php\/wp-json\/wp\/v2\/media?parent=582"}],"curies":[{"name":"wp","href":"https:\/\/api.w.org\/{rel}","templated":true}]}}