{"id":578,"date":"2026-03-10T12:55:35","date_gmt":"2026-03-10T12:55:35","guid":{"rendered":"http:\/\/www.mahmutgunes.com\/?page_id=578"},"modified":"2026-03-10T15:27:57","modified_gmt":"2026-03-10T15:27:57","slug":"ana-sayfa","status":"publish","type":"page","link":"http:\/\/www.mahmutgunes.com\/","title":{"rendered":"Ana Sayfa"},"content":{"rendered":"\n<div class=\"wp-block-columns is-layout-flex wp-container-core-columns-is-layout-9d6595d7 wp-block-columns-is-layout-flex\">\n<div class=\"wp-block-column is-layout-flow wp-block-column-is-layout-flow\">\n<figure class=\"wp-block-image size-full\"><img loading=\"lazy\" decoding=\"async\" width=\"500\" height=\"533\" src=\"http:\/\/www.mahmutgunes.com\/wp-content\/uploads\/2023\/01\/mg3.png\" alt=\"\" class=\"wp-image-428\" srcset=\"http:\/\/www.mahmutgunes.com\/wp-content\/uploads\/2023\/01\/mg3.png 500w, http:\/\/www.mahmutgunes.com\/wp-content\/uploads\/2023\/01\/mg3-281x300.png 281w\" sizes=\"auto, (max-width: 500px) 100vw, 500px\" \/><\/figure>\n<\/div>\n\n\n\n<div class=\"wp-block-column is-layout-flow wp-block-column-is-layout-flow\">\n<figure class=\"wp-block-table is-style-stripes\"><table class=\"has-fixed-layout\"><tbody><tr><td class=\"has-text-align-left\" data-align=\"left\"><strong>SMMM MAHMUT G\u00dcNE\u015e<\/strong><\/td><\/tr><tr><td class=\"has-text-align-left\" data-align=\"left\">&nbsp; Smmm Mahmut G\u00fcne\u015f muhasebe ofisi olarak 25 y\u0131ll\u0131k deneyimimizle \u015fah\u0131s \u015firketleri ve t\u00fczel ki\u015filere muhasebe ve mali m\u00fc\u015favirlik hizmetleri vermekteyiz.<br>&nbsp; Alan\u0131nda uzman ekibimizle en kaliteli ve g\u00fcvenilir hizmeti vermek, m\u00fckelleflerimizin hedeflerine ula\u015fmas\u0131n\u0131 sa\u011flamak i\u00e7in \u00e7aba harcamaktay\u0131z..<\/td><\/tr><tr><td class=\"has-text-align-left\" data-align=\"left\"><\/td><\/tr><tr><td class=\"has-text-align-left\" data-align=\"left\"><\/td><\/tr><\/tbody><\/table><\/figure>\n\n\n<div class=\"wp-block-image\">\n<figure class=\"aligncenter size-full\"><img loading=\"lazy\" decoding=\"async\" width=\"320\" height=\"119\" src=\"http:\/\/www.mahmutgunes.com\/wp-content\/uploads\/2023\/01\/tabela.jpg\" alt=\"\" class=\"wp-image-208\" srcset=\"http:\/\/www.mahmutgunes.com\/wp-content\/uploads\/2023\/01\/tabela.jpg 320w, http:\/\/www.mahmutgunes.com\/wp-content\/uploads\/2023\/01\/tabela-300x112.jpg 300w\" sizes=\"auto, (max-width: 320px) 100vw, 320px\" \/><\/figure>\n<\/div><\/div>\n<\/div>\n","protected":false},"excerpt":{"rendered":"<p>SMMM MAHMUT G\u00dcNE\u015e &nbsp; Smmm Mahmut G\u00fcne\u015f muhasebe ofisi olarak 25 y\u0131ll\u0131k deneyimimizle \u015fah\u0131s \u015firketleri ve t\u00fczel ki\u015filere muhasebe ve mali m\u00fc\u015favirlik hizmetleri vermekteyiz.&nbsp; Alan\u0131nda uzman ekibimizle en kaliteli ve g\u00fcvenilir hizmeti vermek, m\u00fckelleflerimizin hedeflerine ula\u015fmas\u0131n\u0131 sa\u011flamak i\u00e7in \u00e7aba harcamaktay\u0131z..<\/p>\n","protected":false},"author":1,"featured_media":0,"parent":0,"menu_order":0,"comment_status":"closed","ping_status":"closed","template":"","meta":{"_kad_post_transparent":"disable","_kad_post_title":"hide","_kad_post_layout":"default","_kad_post_sidebar_id":"","_kad_post_content_style":"default","_kad_post_vertical_padding":"hide","_kad_post_feature":"default","_kad_post_feature_position":"","_kad_post_header":false,"_kad_post_footer":false,"_kad_post_classname":"","footnotes":""},"class_list":["post-578","page","type-page","status-publish","hentry"],"_links":{"self":[{"href":"http:\/\/www.mahmutgunes.com\/index.php\/wp-json\/wp\/v2\/pages\/578","targetHints":{"allow":["GET"]}}],"collection":[{"href":"http:\/\/www.mahmutgunes.com\/index.php\/wp-json\/wp\/v2\/pages"}],"about":[{"href":"http:\/\/www.mahmutgunes.com\/index.php\/wp-json\/wp\/v2\/types\/page"}],"author":[{"embeddable":true,"href":"http:\/\/www.mahmutgunes.com\/index.php\/wp-json\/wp\/v2\/users\/1"}],"replies":[{"embeddable":true,"href":"http:\/\/www.mahmutgunes.com\/index.php\/wp-json\/wp\/v2\/comments?post=578"}],"version-history":[{"count":15,"href":"http:\/\/www.mahmutgunes.com\/index.php\/wp-json\/wp\/v2\/pages\/578\/revisions"}],"predecessor-version":[{"id":612,"href":"http:\/\/www.mahmutgunes.com\/index.php\/wp-json\/wp\/v2\/pages\/578\/revisions\/612"}],"wp:attachment":[{"href":"http:\/\/www.mahmutgunes.com\/index.php\/wp-json\/wp\/v2\/media?parent=578"}],"curies":[{"name":"wp","href":"https:\/\/api.w.org\/{rel}","templated":true}]}}